{"id":50,"date":"2026-04-08T13:14:34","date_gmt":"2026-04-08T13:14:34","guid":{"rendered":"https:\/\/www.monkitclim.fr\/?page_id=50"},"modified":"2026-04-08T17:00:07","modified_gmt":"2026-04-08T17:00:07","slug":"contacter-mon-kit-clim","status":"publish","type":"page","link":"https:\/\/www.monkitclim.fr\/index.php\/contacter-mon-kit-clim\/","title":{"rendered":"Contacter Mon Kit Clim"},"content":{"rendered":"<div id='av_section_1'  class='avia-section av-a9xbm-2054be8b2fec6d8ac5cbc6f5e4e7e363 main_color avia-section-default avia-no-border-styling  avia-builder-el-0  el_before_av_section  avia-builder-el-first  avia-bg-style-scroll av-minimum-height av-minimum-height-50 av-height-50  container_wrap fullsize'   data-av_minimum_height_pc='50' data-av_min_height_opt='50'><div class='container av-section-cont-open' ><main  role=\"main\" itemprop=\"mainContentOfPage\"  class='template-page content  av-content-full alpha units'><div class='post-entry post-entry-type-page post-entry-50'><div class='entry-content-wrapper clearfix'>\n\n<style type=\"text\/css\" data-created_by=\"avia_inline_auto\" id=\"style-css-av-yuwe-49f305b14a596c5b10bf2621972e7ec1\">\n#top .av-special-heading.av-yuwe-49f305b14a596c5b10bf2621972e7ec1{\nmargin:20px 20px 20px 20px;\npadding-bottom:10px;\ncolor:#ffffff;\nfont-size:42px;\n}\nbody .av-special-heading.av-yuwe-49f305b14a596c5b10bf2621972e7ec1 .av-special-heading-tag .heading-char{\nfont-size:25px;\n}\n#top #wrap_all .av-special-heading.av-yuwe-49f305b14a596c5b10bf2621972e7ec1 .av-special-heading-tag{\nfont-size:42px;\n}\n.av-special-heading.av-yuwe-49f305b14a596c5b10bf2621972e7ec1 .special-heading-inner-border{\nborder-color:#ffffff;\n}\n.av-special-heading.av-yuwe-49f305b14a596c5b10bf2621972e7ec1 .av-subheading{\nfont-size:28px;\ncolor:#bee4ed;\n}\n\n@media only screen and (min-width: 480px) and (max-width: 767px){ \n#top #wrap_all .av-special-heading.av-yuwe-49f305b14a596c5b10bf2621972e7ec1 .av-special-heading-tag{\nfont-size:0.8em;\n}\n}\n\n@media only screen and (max-width: 479px){ \n#top #wrap_all .av-special-heading.av-yuwe-49f305b14a596c5b10bf2621972e7ec1 .av-special-heading-tag{\nfont-size:0.8em;\n}\n}\n<\/style>\n<div  class='av-special-heading av-yuwe-49f305b14a596c5b10bf2621972e7ec1 av-special-heading-h1 custom-color-heading blockquote modern-quote modern-centered  avia-builder-el-1  avia-builder-el-no-sibling  av-inherit-size'><h1 class='av-special-heading-tag '  itemprop=\"headline\"  >Contact<\/h1><div class='av_custom_color av-subheading av-subheading_below'><p>Accompagnement de chantier en installation de syst\u00e8me de climatisation par Mon Kit CLIM.<br \/>\nSoyez accompagn\u00e9 par un professionnel pour r\u00e9aliser vous-m\u00eame votre syst\u00e8me de climatisation.<\/p>\n<\/div><div class=\"special-heading-border\"><div class=\"special-heading-inner-border\"><\/div><\/div><\/div>\n<\/div><\/div><\/main><!-- close content main element --><\/div><\/div><div id='av_section_2'  class='avia-section av-92432-93b9c21cefaefc09ec029220d25418b8 alternate_color avia-section-default avia-no-border-styling  avia-builder-el-2  el_after_av_section  el_before_av_section  avia-bg-style-scroll container_wrap fullsize'  ><div class='container av-section-cont-open' ><div class='template-page content  av-content-full alpha units'><div class='post-entry post-entry-type-page post-entry-50'><div class='entry-content-wrapper clearfix'>\n<div class='flex_column_table av-8whje-1882258a6988c00f24fbf82a41d90c95 sc-av_one_half av-equal-height-column-flextable'><div  class='flex_column av-8whje-1882258a6988c00f24fbf82a41d90c95 av_one_half  avia-builder-el-3  el_before_av_one_half  avia-builder-el-first  first flex_column_table_cell av-equal-height-column av-align-middle  '     ><p>\n<style type=\"text\/css\" data-created_by=\"avia_inline_auto\" id=\"style-css-av-81cxq-7b01e083189b1e4810cc0942ca32434f\">\n#top .av-special-heading.av-81cxq-7b01e083189b1e4810cc0942ca32434f{\nmargin:20px 20px 20px 20px;\npadding-bottom:10px;\ncolor:#ffffff;\nfont-size:28px;\n}\nbody .av-special-heading.av-81cxq-7b01e083189b1e4810cc0942ca32434f .av-special-heading-tag .heading-char{\nfont-size:25px;\n}\n#top #wrap_all .av-special-heading.av-81cxq-7b01e083189b1e4810cc0942ca32434f .av-special-heading-tag{\nfont-size:28px;\n}\n.av-special-heading.av-81cxq-7b01e083189b1e4810cc0942ca32434f .special-heading-inner-border{\nborder-color:#ffffff;\n}\n.av-special-heading.av-81cxq-7b01e083189b1e4810cc0942ca32434f .av-subheading{\nfont-size:28px;\ncolor:#bee4ed;\n}\n\n@media only screen and (min-width: 480px) and (max-width: 767px){ \n#top #wrap_all .av-special-heading.av-81cxq-7b01e083189b1e4810cc0942ca32434f .av-special-heading-tag{\nfont-size:0.8em;\n}\n}\n\n@media only screen and (max-width: 479px){ \n#top #wrap_all .av-special-heading.av-81cxq-7b01e083189b1e4810cc0942ca32434f .av-special-heading-tag{\nfont-size:0.8em;\n}\n}\n<\/style>\n<div  class='av-special-heading av-81cxq-7b01e083189b1e4810cc0942ca32434f av-special-heading-h2 custom-color-heading blockquote modern-quote modern-centered  avia-builder-el-4  el_before_av_textblock  avia-builder-el-first  av-inherit-size'><h2 class='av-special-heading-tag '  itemprop=\"headline\"  >Contactez Mon Kit CLIM<\/h2><div class=\"special-heading-border\"><div class=\"special-heading-inner-border\"><\/div><\/div><\/div><br \/>\n\n<style type=\"text\/css\" data-created_by=\"avia_inline_auto\" id=\"style-css-av-7pw4m-f6511b0ff706fff7168d576c0cfc9e46\">\n#top .av_textblock_section.av-7pw4m-f6511b0ff706fff7168d576c0cfc9e46 .avia_textblock{\nfont-size:21px;\n}\n<\/style>\n<section  class='av_textblock_section av-7pw4m-f6511b0ff706fff7168d576c0cfc9e46 '   itemscope=\"itemscope\" itemtype=\"https:\/\/schema.org\/CreativeWork\" ><div class='avia_textblock'  itemprop=\"text\" ><p>Une question ou un projet en vue\u202f?<\/p>\n<p>Vous avez un projet de construction ou de r\u00e9novation et souhaitez \u00eatre accompagn\u00e9 efficacement\u202f?<\/p>\n<p>Contactez l\u2019\u00e9quipe de formateurs <strong>Mon Kit CLIM.<\/strong><\/p>\n<p>Nous vous guidons de la cr\u00e9ation de votre devis jusqu\u2019\u00e0 la mise en service de votre syst\u00e8me de climatisation.<\/p>\n<p>Envoyez-nous un message et d\u00e9marrez votre projet en toute s\u00e9r\u00e9nit\u00e9.<\/p>\n<p><strong>\u00a0<\/strong><\/p>\n<\/div><\/section><br \/>\n<form action=\"https:\/\/www.monkitclim.fr\/index.php\/contacter-mon-kit-clim\/\" method=\"post\" data-fields-with-error=\"Erreurs trouv\u00e9es dans les champs suivants :\" class=\"avia_ajax_form av-form-labels-visible   avia-builder-el-6  el_after_av_textblock  avia-builder-el-last  av-show-form-errors   \" data-avia-form-id=\"1\" data-avia-redirect=''  aria-label='Contact Form' ><h3 class=''>Envoyez-nous un mail !<\/h3><fieldset><p class='  first_form  form_element form_element_half' id='element_avia_1_1'><label for=\"avia_1_1\">Pr\u00e9nom <abbr class=\"required\" title=\"requis(e)\">*<\/abbr><\/label> <input name=\"avia_1_1\" class=\"text_input is_empty\" type=\"text\" id=\"avia_1_1\" value=\"\" \/><\/p><p class='  form_element form_element_half' id='element_avia_2_1'><label for=\"avia_2_1\">Nom <abbr class=\"required\" title=\"requis(e)\">*<\/abbr><\/label> <input name=\"avia_2_1\" class=\"text_input is_empty\" type=\"text\" id=\"avia_2_1\" value=\"\" \/><\/p><p class='  first_form  form_element form_fullwidth' id='element_avia_3_1'><label for=\"avia_3_1\">Ville <abbr class=\"required\" title=\"requis(e)\">*<\/abbr><\/label> <input name=\"avia_3_1\" class=\"text_input is_empty\" type=\"text\" id=\"avia_3_1\" value=\"\" \/><\/p><p class='  first_form  form_element form_fullwidth' id='element_avia_4_1'><label for=\"avia_4_1\">T\u00e9l\u00e9phone (plus simple pour vous rappeler). <abbr class=\"required\" title=\"requis(e)\">*<\/abbr><\/label> <input name=\"avia_4_1\" class=\"text_input is_phone\" type=\"text\" id=\"avia_4_1\" value=\"\" \/><\/p><p class='  first_form  form_element form_fullwidth' id='element_avia_5_1'><label for=\"avia_5_1\">E-Mail <abbr class=\"required\" title=\"requis(e)\">*<\/abbr><\/label> <input name=\"avia_5_1\" class=\"text_input is_email\" type=\"text\" id=\"avia_5_1\" value=\"\" \/><\/p><p class='  first_form  form_element form_fullwidth' id='element_avia_6_1'><label for=\"avia_6_1\" class=\"textare_label hidden textare_label_avia_6_1\">Message <abbr class=\"required\" title=\"requis(e)\">*<\/abbr><\/label><textarea  name=\"avia_6_1\" class=\"text_area is_empty\" cols=\"40\" rows=\"7\" id=\"avia_6_1\" ><\/textarea><\/p><p class=\"hidden\"><input type=\"text\" name=\"avia_7_1\" class=\"hidden \" id=\"avia_7_1\" value=\"\" \/><\/p><p class='   form_element form_fullwidth av-last-visible-form-element' id='element_avia_8_1'><span class='value_verifier_label'>1 + 6 = ?<\/span><input name=\"avia_8_1_verifier\" type=\"hidden\" id=\"avia_8_1_verifier\" value=\"751426177\"\/><label for=\"avia_8_1\">Merci de prouver que vous \u00eates un humain en donnant le r\u00e9sultat de cette op\u00e9ration <abbr class=\"required\" title=\"requis(e)\">*<\/abbr><\/label><input name=\"avia_8_1\" class=\"text_input captcha\" type=\"text\" id=\"avia_8_1\" value=\"\"\/><\/p><p class=' av_form_privacy_check av_contact_privacy_check first_form  form_element form_fullwidth' id='element_avia_9_1'><input  name=\"avia_9_1\" class=\"input_checkbox is_empty\" type=\"checkbox\" id=\"avia_9_1\" value=\"true\"\/><label class=\"input_checkbox_label\" for=\"avia_9_1\">J\u2019accepte les conditions g\u00e9n\u00e9rales expos\u00e9es dans les <a href='https:\/\/www.monkitclim.fr\/index.php\/politique-de-confidentialite\/' target='_blank'>mentions l\u00e9gales<\/a> <abbr class=\"required\" title=\"requis(e)\">*<\/abbr><\/label><\/p><p class=\"form_element \"><input type=\"hidden\" value=\"1\" name=\"avia_generated_form1\" \/><input type=\"submit\" value=\"Submit\" class=\"button\"  data-sending-label=\"Envoi\"\/><\/p><\/fieldset><\/form><div id=\"ajaxresponse_1\" class=\"ajaxresponse ajaxresponse_1 hidden\"><\/div><\/p><\/div><div class='av-flex-placeholder'><\/div><div  class='flex_column av-35ix6-d7b822ebc72da9f35368f387384a7c56 av_one_half  avia-builder-el-7  el_after_av_one_half  avia-builder-el-last  flex_column_table_cell av-equal-height-column av-align-middle  '     ><style type=\"text\/css\" data-created_by=\"avia_inline_auto\" id=\"style-css-av-2l4cq-41de4711ec20423ea28865584250b20c\">\n.avia-image-container.av-2l4cq-41de4711ec20423ea28865584250b20c img.avia_image{\n-webkit-box-shadow:none;\n-moz-box-shadow:none;\nbox-shadow:none;\n}\n.avia-image-container.av-2l4cq-41de4711ec20423ea28865584250b20c .av-image-caption-overlay-center{\ncolor:#ffffff;\n}\n<\/style>\n<div  class='avia-image-container av-2l4cq-41de4711ec20423ea28865584250b20c av-styling- avia-align-center  avia-builder-el-8  avia-builder-el-no-sibling '   itemprop=\"image\" itemscope=\"itemscope\" itemtype=\"https:\/\/schema.org\/ImageObject\" ><div class=\"avia-image-container-inner\"><div class=\"avia-image-overlay-wrap\"><img decoding=\"async\" fetchpriority=\"high\" class='wp-image- avia-img-lazy-loading-not- avia_image ' src=\"https:\/\/www.monkitelec.fr\/wp-content\/uploads\/2026\/01\/heureux-chez-soi-avec-formation-en-electricite-pour-une-maison-diy-qualite-1030x687.jpg\" alt='' title=''   itemprop=\"thumbnailUrl\"  \/><\/div><\/div><\/div><\/div><\/div><!--close column table wrapper. Autoclose: 1 --><\/div><\/div><\/div><!-- close content main div --><\/div><\/div>\n<style type=\"text\/css\" data-created_by=\"avia_inline_auto\" id=\"style-css-av-7h92-975b657f024487d0dfffed21459478e9\">\n.avia-section.av-7h92-975b657f024487d0dfffed21459478e9{\nbackground-color:#bee4ed;\nbackground-image:unset;\n}\n.avia-section.av-7h92-975b657f024487d0dfffed21459478e9 .av-section-color-overlay{\nopacity:0.5;\nbackground-color:#64c5e2;\n}\n#top .avia-section.av-7h92-975b657f024487d0dfffed21459478e9 .scroll-down-link{\ncolor:#4493ab;\n}\n#top .avia-section.av-7h92-975b657f024487d0dfffed21459478e9 .scroll-down-link.avia-svg-icon svg:first-child{\nstroke:#4493ab;\nfill:#4493ab;\n}\n<\/style>\n<div id='av_section_3'  class='avia-section av-7h92-975b657f024487d0dfffed21459478e9 alternate_color avia-section-default avia-no-border-styling  avia-builder-el-9  el_after_av_section  el_before_av_section  avia-bg-style-fixed av-section-color-overlay-active av-minimum-height av-minimum-height-75 av-height-75  container_wrap fullsize'   data-av_minimum_height_pc='75' data-av_min_height_opt='75'><div class=\"av-section-color-overlay-wrap\"><div class=\"av-section-color-overlay\"><\/div><a href='#next-section' title='' class='scroll-down-link av-custom-scroll-down-color avia-svg-icon avia-font-svg_entypo-fontello' data-av_svg_icon='down-open-mini' data-av_iconset='svg_entypo-fontello'><svg version=\"1.1\" xmlns=\"http:\/\/www.w3.org\/2000\/svg\" width=\"15\" height=\"32\" viewBox=\"0 0 15 32\" preserveAspectRatio=\"xMidYMid meet\" aria-labelledby='av-svg-title-1' aria-describedby='av-svg-desc-1' role=\"graphics-symbol\" aria-hidden=\"true\">\n<title id='av-svg-title-1'>Scroller vers la prochaine section<\/title>\n<desc id='av-svg-desc-1'>Scroller vers la prochaine section<\/desc>\n<path d=\"M12.96 12.16q0.704-0.832 1.536 0 0.832 0.704 0 1.536l-6.272 6.144q-0.704 0.704-1.536 0l-6.272-6.144q-0.832-0.832 0-1.536 0.768-0.768 1.6 0l5.44 4.992z\"><\/path>\n<\/svg><\/a><div class='container av-section-cont-open' ><div class='template-page content  av-content-full alpha units'><div class='post-entry post-entry-type-page post-entry-50'><div class='entry-content-wrapper clearfix'><\/p>\n<\/div><\/div><\/div><!-- close content main div --><\/div><\/div><\/div>\n<style type=\"text\/css\" data-created_by=\"avia_inline_auto\" id=\"style-css-av-1k8vu-b1ed5d619e887f4ef15e1d06666c50e7\">\n.avia-section.av-1k8vu-b1ed5d619e887f4ef15e1d06666c50e7{\nbackground-color:#bee4ed;\nbackground-image:unset;\n}\n.avia-section.av-1k8vu-b1ed5d619e887f4ef15e1d06666c50e7 .av-section-color-overlay{\nopacity:0.5;\nbackground-color:#64c5e2;\n}\n#top .avia-section.av-1k8vu-b1ed5d619e887f4ef15e1d06666c50e7 .scroll-down-link{\ncolor:#4493ab;\n}\n#top .avia-section.av-1k8vu-b1ed5d619e887f4ef15e1d06666c50e7 .scroll-down-link.avia-svg-icon svg:first-child{\nstroke:#4493ab;\nfill:#4493ab;\n}\n<\/style>\n<div id='av_section_4'  class='avia-section av-1k8vu-b1ed5d619e887f4ef15e1d06666c50e7 alternate_color avia-section-default avia-no-border-styling  avia-builder-el-10  el_after_av_section  el_before_av_section  avia-bg-style-fixed av-section-color-overlay-active av-minimum-height av-minimum-height-75 av-height-75  container_wrap fullsize'   data-av_minimum_height_pc='75' data-av_min_height_opt='75'><div class=\"av-section-color-overlay-wrap\"><div class=\"av-section-color-overlay\"><\/div><a href='#next-section' title='' class='scroll-down-link av-custom-scroll-down-color avia-svg-icon avia-font-svg_entypo-fontello' data-av_svg_icon='down-open-mini' data-av_iconset='svg_entypo-fontello'><svg version=\"1.1\" xmlns=\"http:\/\/www.w3.org\/2000\/svg\" width=\"15\" height=\"32\" viewBox=\"0 0 15 32\" preserveAspectRatio=\"xMidYMid meet\" aria-labelledby='av-svg-title-2' aria-describedby='av-svg-desc-2' role=\"graphics-symbol\" aria-hidden=\"true\">\n<title id='av-svg-title-2'>Scroller vers la prochaine section<\/title>\n<desc id='av-svg-desc-2'>Scroller vers la prochaine section<\/desc>\n<path d=\"M12.96 12.16q0.704-0.832 1.536 0 0.832 0.704 0 1.536l-6.272 6.144q-0.704 0.704-1.536 0l-6.272-6.144q-0.832-0.832 0-1.536 0.768-0.768 1.6 0l5.44 4.992z\"><\/path>\n<\/svg><\/a><div class='container av-section-cont-open' ><div class='template-page content  av-content-full alpha units'><div class='post-entry post-entry-type-page post-entry-50'><div class='entry-content-wrapper clearfix'>\n<\/div><\/div><\/div><!-- close content main div --><\/div><\/div><\/div>\n<style type=\"text\/css\" data-created_by=\"avia_inline_auto\" id=\"style-css-av-14lue-191bc8fbf032b45198f7e3781f89ebc6\">\n.avia-section.av-14lue-191bc8fbf032b45198f7e3781f89ebc6{\nbackground-color:#bee4ed;\nbackground-image:unset;\n}\n.avia-section.av-14lue-191bc8fbf032b45198f7e3781f89ebc6 .av-section-color-overlay{\nopacity:0.5;\nbackground-color:#64c5e2;\n}\n#top .avia-section.av-14lue-191bc8fbf032b45198f7e3781f89ebc6 .scroll-down-link{\ncolor:#4493ab;\n}\n#top .avia-section.av-14lue-191bc8fbf032b45198f7e3781f89ebc6 .scroll-down-link.avia-svg-icon svg:first-child{\nstroke:#4493ab;\nfill:#4493ab;\n}\n<\/style>\n<div id='av_section_5'  class='avia-section av-14lue-191bc8fbf032b45198f7e3781f89ebc6 alternate_color avia-section-default avia-no-border-styling  avia-builder-el-11  el_after_av_section  avia-builder-el-last  avia-bg-style-fixed av-section-color-overlay-active av-minimum-height av-minimum-height-75 av-height-75  container_wrap fullsize'   data-av_minimum_height_pc='75' data-av_min_height_opt='75'><div class=\"av-section-color-overlay-wrap\"><div class=\"av-section-color-overlay\"><\/div><a href='#next-section' title='' class='scroll-down-link av-custom-scroll-down-color avia-svg-icon avia-font-svg_entypo-fontello' data-av_svg_icon='down-open-mini' data-av_iconset='svg_entypo-fontello'><svg version=\"1.1\" xmlns=\"http:\/\/www.w3.org\/2000\/svg\" width=\"15\" height=\"32\" viewBox=\"0 0 15 32\" preserveAspectRatio=\"xMidYMid meet\" aria-labelledby='av-svg-title-3' aria-describedby='av-svg-desc-3' role=\"graphics-symbol\" aria-hidden=\"true\">\n<title id='av-svg-title-3'>Scroller vers la prochaine section<\/title>\n<desc id='av-svg-desc-3'>Scroller vers la prochaine section<\/desc>\n<path d=\"M12.96 12.16q0.704-0.832 1.536 0 0.832 0.704 0 1.536l-6.272 6.144q-0.704 0.704-1.536 0l-6.272-6.144q-0.832-0.832 0-1.536 0.768-0.768 1.6 0l5.44 4.992z\"><\/path>\n<\/svg><\/a><div class='container av-section-cont-open' ><div class='template-page content  av-content-full alpha units'><div class='post-entry post-entry-type-page post-entry-50'><div class='entry-content-wrapper clearfix'>\n","protected":false},"excerpt":{"rendered":"","protected":false},"author":1,"featured_media":0,"parent":0,"menu_order":0,"comment_status":"closed","ping_status":"closed","template":"","meta":{"two_page_speed":[],"footnotes":""},"class_list":["post-50","page","type-page","status-publish","hentry"],"yoast_head":"<!-- This site is optimized with the Yoast SEO plugin v27.3 - https:\/\/yoast.com\/product\/yoast-seo-wordpress\/ -->\n<title>Contacter Mon Kit Clim - Mon Kit Clim<\/title>\n<meta name=\"robots\" content=\"index, follow, max-snippet:-1, max-image-preview:large, max-video-preview:-1\" \/>\n<link rel=\"canonical\" href=\"https:\/\/www.monkitclim.fr\/index.php\/contacter-mon-kit-clim\/\" \/>\n<meta property=\"og:locale\" content=\"fr_FR\" \/>\n<meta property=\"og:type\" content=\"article\" \/>\n<meta property=\"og:title\" content=\"Contacter Mon Kit Clim - Mon Kit Clim\" \/>\n<meta property=\"og:url\" content=\"https:\/\/www.monkitclim.fr\/index.php\/contacter-mon-kit-clim\/\" \/>\n<meta property=\"og:site_name\" content=\"Mon Kit Clim\" \/>\n<meta property=\"article:modified_time\" content=\"2026-04-08T17:00:07+00:00\" \/>\n<meta name=\"twitter:card\" content=\"summary_large_image\" \/>\n<meta name=\"twitter:label1\" content=\"Dur\u00e9e de lecture estim\u00e9e\" \/>\n\t<meta name=\"twitter:data1\" content=\"2 minutes\" \/>\n<script type=\"application\/ld+json\" class=\"yoast-schema-graph\">{\"@context\":\"https:\\\/\\\/schema.org\",\"@graph\":[{\"@type\":\"WebPage\",\"@id\":\"https:\\\/\\\/www.monkitclim.fr\\\/index.php\\\/contacter-mon-kit-clim\\\/\",\"url\":\"https:\\\/\\\/www.monkitclim.fr\\\/index.php\\\/contacter-mon-kit-clim\\\/\",\"name\":\"Contacter Mon Kit Clim - Mon Kit Clim\",\"isPartOf\":{\"@id\":\"https:\\\/\\\/www.monkitclim.fr\\\/#website\"},\"datePublished\":\"2026-04-08T13:14:34+00:00\",\"dateModified\":\"2026-04-08T17:00:07+00:00\",\"breadcrumb\":{\"@id\":\"https:\\\/\\\/www.monkitclim.fr\\\/index.php\\\/contacter-mon-kit-clim\\\/#breadcrumb\"},\"inLanguage\":\"fr-FR\",\"potentialAction\":[{\"@type\":\"ReadAction\",\"target\":[\"https:\\\/\\\/www.monkitclim.fr\\\/index.php\\\/contacter-mon-kit-clim\\\/\"]}]},{\"@type\":\"BreadcrumbList\",\"@id\":\"https:\\\/\\\/www.monkitclim.fr\\\/index.php\\\/contacter-mon-kit-clim\\\/#breadcrumb\",\"itemListElement\":[{\"@type\":\"ListItem\",\"position\":1,\"name\":\"Accueil\",\"item\":\"https:\\\/\\\/www.monkitclim.fr\\\/index.php\\\/mon-kit-vmc-accompagnement-et-formation-en-pose-de-clim\\\/\"},{\"@type\":\"ListItem\",\"position\":2,\"name\":\"Contacter Mon Kit Clim\"}]},{\"@type\":\"WebSite\",\"@id\":\"https:\\\/\\\/www.monkitclim.fr\\\/#website\",\"url\":\"https:\\\/\\\/www.monkitclim.fr\\\/\",\"name\":\"Mon Kit Clim\",\"description\":\"Formation et accompagnement en climatisation pour les auto-constructeurs\",\"potentialAction\":[{\"@type\":\"SearchAction\",\"target\":{\"@type\":\"EntryPoint\",\"urlTemplate\":\"https:\\\/\\\/www.monkitclim.fr\\\/?s={search_term_string}\"},\"query-input\":{\"@type\":\"PropertyValueSpecification\",\"valueRequired\":true,\"valueName\":\"search_term_string\"}}],\"inLanguage\":\"fr-FR\"}]}<\/script>\n<!-- \/ Yoast SEO plugin. -->","yoast_head_json":{"title":"Contacter Mon Kit Clim - Mon Kit Clim","robots":{"index":"index","follow":"follow","max-snippet":"max-snippet:-1","max-image-preview":"max-image-preview:large","max-video-preview":"max-video-preview:-1"},"canonical":"https:\/\/www.monkitclim.fr\/index.php\/contacter-mon-kit-clim\/","og_locale":"fr_FR","og_type":"article","og_title":"Contacter Mon Kit Clim - Mon Kit Clim","og_url":"https:\/\/www.monkitclim.fr\/index.php\/contacter-mon-kit-clim\/","og_site_name":"Mon Kit Clim","article_modified_time":"2026-04-08T17:00:07+00:00","twitter_card":"summary_large_image","twitter_misc":{"Dur\u00e9e de lecture estim\u00e9e":"2 minutes"},"schema":{"@context":"https:\/\/schema.org","@graph":[{"@type":"WebPage","@id":"https:\/\/www.monkitclim.fr\/index.php\/contacter-mon-kit-clim\/","url":"https:\/\/www.monkitclim.fr\/index.php\/contacter-mon-kit-clim\/","name":"Contacter Mon Kit Clim - Mon Kit Clim","isPartOf":{"@id":"https:\/\/www.monkitclim.fr\/#website"},"datePublished":"2026-04-08T13:14:34+00:00","dateModified":"2026-04-08T17:00:07+00:00","breadcrumb":{"@id":"https:\/\/www.monkitclim.fr\/index.php\/contacter-mon-kit-clim\/#breadcrumb"},"inLanguage":"fr-FR","potentialAction":[{"@type":"ReadAction","target":["https:\/\/www.monkitclim.fr\/index.php\/contacter-mon-kit-clim\/"]}]},{"@type":"BreadcrumbList","@id":"https:\/\/www.monkitclim.fr\/index.php\/contacter-mon-kit-clim\/#breadcrumb","itemListElement":[{"@type":"ListItem","position":1,"name":"Accueil","item":"https:\/\/www.monkitclim.fr\/index.php\/mon-kit-vmc-accompagnement-et-formation-en-pose-de-clim\/"},{"@type":"ListItem","position":2,"name":"Contacter Mon Kit Clim"}]},{"@type":"WebSite","@id":"https:\/\/www.monkitclim.fr\/#website","url":"https:\/\/www.monkitclim.fr\/","name":"Mon Kit Clim","description":"Formation et accompagnement en climatisation pour les auto-constructeurs","potentialAction":[{"@type":"SearchAction","target":{"@type":"EntryPoint","urlTemplate":"https:\/\/www.monkitclim.fr\/?s={search_term_string}"},"query-input":{"@type":"PropertyValueSpecification","valueRequired":true,"valueName":"search_term_string"}}],"inLanguage":"fr-FR"}]}},"_links":{"self":[{"href":"https:\/\/www.monkitclim.fr\/index.php\/wp-json\/wp\/v2\/pages\/50","targetHints":{"allow":["GET"]}}],"collection":[{"href":"https:\/\/www.monkitclim.fr\/index.php\/wp-json\/wp\/v2\/pages"}],"about":[{"href":"https:\/\/www.monkitclim.fr\/index.php\/wp-json\/wp\/v2\/types\/page"}],"author":[{"embeddable":true,"href":"https:\/\/www.monkitclim.fr\/index.php\/wp-json\/wp\/v2\/users\/1"}],"replies":[{"embeddable":true,"href":"https:\/\/www.monkitclim.fr\/index.php\/wp-json\/wp\/v2\/comments?post=50"}],"version-history":[{"count":2,"href":"https:\/\/www.monkitclim.fr\/index.php\/wp-json\/wp\/v2\/pages\/50\/revisions"}],"predecessor-version":[{"id":95,"href":"https:\/\/www.monkitclim.fr\/index.php\/wp-json\/wp\/v2\/pages\/50\/revisions\/95"}],"wp:attachment":[{"href":"https:\/\/www.monkitclim.fr\/index.php\/wp-json\/wp\/v2\/media?parent=50"}],"curies":[{"name":"wp","href":"https:\/\/api.w.org\/{rel}","templated":true}]}}