{"id":52,"date":"2026-04-08T13:17:31","date_gmt":"2026-04-08T13:17:31","guid":{"rendered":"https:\/\/www.monkitclim.fr\/?page_id=52"},"modified":"2026-04-08T13:17:32","modified_gmt":"2026-04-08T13:17:32","slug":"faq-mon-kit-clim","status":"publish","type":"page","link":"https:\/\/www.monkitclim.fr\/index.php\/faq-mon-kit-clim\/","title":{"rendered":"FAQ Mon Kit Clim"},"content":{"rendered":"<div id='av_section_1'  class='avia-section av-av_section-f7f98a604eb1bbf474a965679bbcb80e main_color avia-section-default avia-no-border-styling  avia-builder-el-0  el_before_av_section  avia-builder-el-first  avia-bg-style-scroll av-minimum-height av-minimum-height-50 av-height-50  container_wrap fullsize'   data-av_minimum_height_pc='50' data-av_min_height_opt='50'><div class='container av-section-cont-open' ><main  role=\"main\" itemprop=\"mainContentOfPage\"  class='template-page content  av-content-full alpha units'><div class='post-entry post-entry-type-page post-entry-52'><div class='entry-content-wrapper clearfix'>\n\n<style type=\"text\/css\" data-created_by=\"avia_inline_auto\" id=\"style-css-av-av_heading-ae342e9a4b3ff4ec028a1895995a4244\">\n#top .av-special-heading.av-av_heading-ae342e9a4b3ff4ec028a1895995a4244{\nmargin:20px 20px 20px 20px;\npadding-bottom:10px;\ncolor:#ffffff;\nfont-size:42px;\n}\nbody .av-special-heading.av-av_heading-ae342e9a4b3ff4ec028a1895995a4244 .av-special-heading-tag .heading-char{\nfont-size:25px;\n}\n#top #wrap_all .av-special-heading.av-av_heading-ae342e9a4b3ff4ec028a1895995a4244 .av-special-heading-tag{\nfont-size:42px;\n}\n.av-special-heading.av-av_heading-ae342e9a4b3ff4ec028a1895995a4244 .special-heading-inner-border{\nborder-color:#ffffff;\n}\n.av-special-heading.av-av_heading-ae342e9a4b3ff4ec028a1895995a4244 .av-subheading{\nfont-size:28px;\ncolor:#bee4ed;\n}\n\n@media only screen and (min-width: 480px) and (max-width: 767px){ \n#top #wrap_all .av-special-heading.av-av_heading-ae342e9a4b3ff4ec028a1895995a4244 .av-special-heading-tag{\nfont-size:0.8em;\n}\n}\n\n@media only screen and (max-width: 479px){ \n#top #wrap_all .av-special-heading.av-av_heading-ae342e9a4b3ff4ec028a1895995a4244 .av-special-heading-tag{\nfont-size:0.8em;\n}\n}\n<\/style>\n<div  class='av-special-heading av-av_heading-ae342e9a4b3ff4ec028a1895995a4244 av-special-heading-h1 custom-color-heading blockquote modern-quote modern-centered  avia-builder-el-1  avia-builder-el-no-sibling  av-inherit-size'><h1 class='av-special-heading-tag '  itemprop=\"headline\"  >FAQ Mon Kit \u00c9lec<\/h1><div class='av_custom_color av-subheading av-subheading_below'><p>L&rsquo;accompagnement de chantier en \u00e9lectricit\u00e9 par Mon Kit \u00c9lec r\u00e9pond \u00e0 vos questions.<\/p>\n<\/div><div class=\"special-heading-border\"><div class=\"special-heading-inner-border\"><\/div><\/div><\/div>\n\n<\/div><\/div><\/main><!-- close content main element --><\/div><\/div><div id='av_section_2'  class='avia-section av-av_section-6dc93f22291a46d38b36cf11953ef939 alternate_color avia-section-default avia-no-border-styling  avia-builder-el-2  el_after_av_section  el_before_av_section  avia-bg-style-scroll container_wrap fullsize'  ><div class='container av-section-cont-open' ><div class='template-page content  av-content-full alpha units'><div class='post-entry post-entry-type-page post-entry-52'><div class='entry-content-wrapper clearfix'>\n<div class='flex_column_table av-av_one_half-7c8c653207deb9f43977feb8542ad539 sc-av_one_half av-equal-height-column-flextable'><div  class='flex_column av-av_one_half-7c8c653207deb9f43977feb8542ad539 av_one_half  avia-builder-el-3  el_before_av_one_half  avia-builder-el-first  first flex_column_table_cell av-equal-height-column av-align-middle  '     ><p>\n<style type=\"text\/css\" data-created_by=\"avia_inline_auto\" id=\"style-css-av-av_heading-d832b71ac9ee3b1ab9e322102296803e\">\n#top .av-special-heading.av-av_heading-d832b71ac9ee3b1ab9e322102296803e{\nmargin:20px 20px 20px 20px;\npadding-bottom:10px;\ncolor:#ffffff;\nfont-size:42px;\n}\nbody .av-special-heading.av-av_heading-d832b71ac9ee3b1ab9e322102296803e .av-special-heading-tag .heading-char{\nfont-size:25px;\n}\n#top #wrap_all .av-special-heading.av-av_heading-d832b71ac9ee3b1ab9e322102296803e .av-special-heading-tag{\nfont-size:42px;\n}\n.av-special-heading.av-av_heading-d832b71ac9ee3b1ab9e322102296803e .special-heading-inner-border{\nborder-color:#ffffff;\n}\n.av-special-heading.av-av_heading-d832b71ac9ee3b1ab9e322102296803e .av-subheading{\nfont-size:28px;\ncolor:#bee4ed;\n}\n\n@media only screen and (min-width: 480px) and (max-width: 767px){ \n#top #wrap_all .av-special-heading.av-av_heading-d832b71ac9ee3b1ab9e322102296803e .av-special-heading-tag{\nfont-size:0.8em;\n}\n}\n\n@media only screen and (max-width: 479px){ \n#top #wrap_all .av-special-heading.av-av_heading-d832b71ac9ee3b1ab9e322102296803e .av-special-heading-tag{\nfont-size:0.8em;\n}\n}\n<\/style>\n<div  class='av-special-heading av-av_heading-d832b71ac9ee3b1ab9e322102296803e av-special-heading-h2 custom-color-heading blockquote modern-quote modern-centered  avia-builder-el-4  el_before_av_textblock  avia-builder-el-first  av-inherit-size'><h2 class='av-special-heading-tag '  itemprop=\"headline\"  >Foire au questions de Mon Kit \u00c9lec<\/h2><div class=\"special-heading-border\"><div class=\"special-heading-inner-border\"><\/div><\/div><\/div><br \/>\n\n<style type=\"text\/css\" data-created_by=\"avia_inline_auto\" id=\"style-css-av-av_textblock-245eda41df1f58ed6f1675ab35e50d5a\">\n#top .av_textblock_section.av-av_textblock-245eda41df1f58ed6f1675ab35e50d5a .avia_textblock{\nfont-size:21px;\n}\n<\/style>\n<section  class='av_textblock_section av-av_textblock-245eda41df1f58ed6f1675ab35e50d5a '   itemscope=\"itemscope\" itemtype=\"https:\/\/schema.org\/CreativeWork\" ><div class='avia_textblock'  itemprop=\"text\" ><p>\u00catre accompagn\u00e9 par un professionnel pour r\u00e9aliser vous-m\u00eame votre installation \u00e9lectrique doit tr\u00e8s certainement vous g\u00e9n\u00e9rez des questions.<br \/>\nMon Kit \u00c9lec r\u00e9pond ici au plus courantes.<\/p>\n<\/div><\/section><\/p><\/div><div class='av-flex-placeholder'><\/div><div  class='flex_column av-av_one_half-70159713a9b0a1dc46eb0b727900de86 av_one_half  avia-builder-el-6  el_after_av_one_half  avia-builder-el-last  flex_column_table_cell av-equal-height-column av-align-middle  '     ><style type=\"text\/css\" data-created_by=\"avia_inline_auto\" id=\"style-css-av-av_image-d5743bba84fa5f21d620885286c3ccef\">\n.avia-image-container.av-av_image-d5743bba84fa5f21d620885286c3ccef img.avia_image{\n-webkit-box-shadow:none;\n-moz-box-shadow:none;\nbox-shadow:none;\n}\n.avia-image-container.av-av_image-d5743bba84fa5f21d620885286c3ccef .av-image-caption-overlay-center{\ncolor:#ffffff;\n}\n<\/style>\n<div  class='avia-image-container av-av_image-d5743bba84fa5f21d620885286c3ccef av-styling- avia-align-center  avia-builder-el-7  avia-builder-el-no-sibling '   itemprop=\"image\" itemscope=\"itemscope\" itemtype=\"https:\/\/schema.org\/ImageObject\" ><div class=\"avia-image-container-inner\"><div class=\"avia-image-overlay-wrap\"><img decoding=\"async\" fetchpriority=\"high\" class='wp-image- avia-img-lazy-loading-not- avia_image ' src=\"https:\/\/www.monkitelec.fr\/wp-content\/uploads\/2026\/01\/heureux-chez-soi-avec-formation-en-electricite-pour-une-maison-diy-qualite-1030x687.jpg\" alt='' title=''   itemprop=\"thumbnailUrl\"  \/><\/div><\/div><\/div><\/div><\/div><!--close column table wrapper. Autoclose: 1 -->\n\n<\/div><\/div><\/div><!-- close content main div --><\/div><\/div>\n<style type=\"text\/css\" data-created_by=\"avia_inline_auto\" id=\"style-css-av-av_section-0b9abbc3c7bcec3fe4970db9ee112425\">\n.avia-section.av-av_section-0b9abbc3c7bcec3fe4970db9ee112425{\nbackground-color:#bee4ed;\nbackground-image:unset;\n}\n<\/style>\n<div id='av_section_3'  class='avia-section av-av_section-0b9abbc3c7bcec3fe4970db9ee112425 alternate_color avia-section-default avia-no-border-styling  avia-builder-el-8  el_after_av_section  avia-builder-el-last  avia-bg-style-scroll container_wrap fullsize'  ><div class='container av-section-cont-open' ><div class='template-page content  av-content-full alpha units'><div class='post-entry post-entry-type-page post-entry-52'><div class='entry-content-wrapper clearfix'>\n<div class='flex_column_table av-av_one_full-24df8b63e4257e3379ae7be6d0355c9e sc-av_one_full av-equal-height-column-flextable'>\n<style type=\"text\/css\" data-created_by=\"avia_inline_auto\" id=\"style-css-av-av_one_full-24df8b63e4257e3379ae7be6d0355c9e\">\n.flex_column.av-av_one_full-24df8b63e4257e3379ae7be6d0355c9e{\n-webkit-border-radius:20px 20px 20px 20px;\n-moz-border-radius:20px 20px 20px 20px;\nborder-radius:20px 20px 20px 20px;\npadding:20px 20px 20px 20px;\nbackground-color:#ffffff;\n}\n<\/style>\n<div  class='flex_column av-av_one_full-24df8b63e4257e3379ae7be6d0355c9e av_one_full  avia-builder-el-9  avia-builder-el-no-sibling  first flex_column_table_cell av-equal-height-column av-align-middle  '     ><\/div><\/div><!--close column table wrapper. Autoclose: 1 -->\n\n","protected":false},"excerpt":{"rendered":"","protected":false},"author":1,"featured_media":0,"parent":0,"menu_order":0,"comment_status":"closed","ping_status":"closed","template":"","meta":{"two_page_speed":[],"footnotes":""},"class_list":["post-52","page","type-page","status-publish","hentry"],"yoast_head":"<!-- This site is optimized with the Yoast SEO plugin v27.3 - https:\/\/yoast.com\/product\/yoast-seo-wordpress\/ -->\n<title>FAQ Mon Kit Clim - Mon Kit Clim<\/title>\n<meta name=\"robots\" content=\"index, follow, max-snippet:-1, max-image-preview:large, max-video-preview:-1\" \/>\n<link rel=\"canonical\" href=\"https:\/\/www.monkitclim.fr\/index.php\/faq-mon-kit-clim\/\" \/>\n<meta property=\"og:locale\" content=\"fr_FR\" \/>\n<meta property=\"og:type\" content=\"article\" \/>\n<meta property=\"og:title\" content=\"FAQ Mon Kit Clim - Mon Kit Clim\" \/>\n<meta property=\"og:url\" content=\"https:\/\/www.monkitclim.fr\/index.php\/faq-mon-kit-clim\/\" \/>\n<meta property=\"og:site_name\" content=\"Mon Kit Clim\" \/>\n<meta property=\"article:modified_time\" content=\"2026-04-08T13:17:32+00:00\" \/>\n<meta name=\"twitter:card\" content=\"summary_large_image\" \/>\n<meta name=\"twitter:label1\" content=\"Dur\u00e9e de lecture estim\u00e9e\" \/>\n\t<meta name=\"twitter:data1\" content=\"1 minute\" \/>\n<script type=\"application\/ld+json\" class=\"yoast-schema-graph\">{\"@context\":\"https:\\\/\\\/schema.org\",\"@graph\":[{\"@type\":\"WebPage\",\"@id\":\"https:\\\/\\\/www.monkitclim.fr\\\/index.php\\\/faq-mon-kit-clim\\\/\",\"url\":\"https:\\\/\\\/www.monkitclim.fr\\\/index.php\\\/faq-mon-kit-clim\\\/\",\"name\":\"FAQ Mon Kit Clim - Mon Kit Clim\",\"isPartOf\":{\"@id\":\"https:\\\/\\\/www.monkitclim.fr\\\/#website\"},\"datePublished\":\"2026-04-08T13:17:31+00:00\",\"dateModified\":\"2026-04-08T13:17:32+00:00\",\"breadcrumb\":{\"@id\":\"https:\\\/\\\/www.monkitclim.fr\\\/index.php\\\/faq-mon-kit-clim\\\/#breadcrumb\"},\"inLanguage\":\"fr-FR\",\"potentialAction\":[{\"@type\":\"ReadAction\",\"target\":[\"https:\\\/\\\/www.monkitclim.fr\\\/index.php\\\/faq-mon-kit-clim\\\/\"]}]},{\"@type\":\"BreadcrumbList\",\"@id\":\"https:\\\/\\\/www.monkitclim.fr\\\/index.php\\\/faq-mon-kit-clim\\\/#breadcrumb\",\"itemListElement\":[{\"@type\":\"ListItem\",\"position\":1,\"name\":\"Accueil\",\"item\":\"https:\\\/\\\/www.monkitclim.fr\\\/index.php\\\/mon-kit-vmc-accompagnement-et-formation-en-pose-de-clim\\\/\"},{\"@type\":\"ListItem\",\"position\":2,\"name\":\"FAQ Mon Kit Clim\"}]},{\"@type\":\"WebSite\",\"@id\":\"https:\\\/\\\/www.monkitclim.fr\\\/#website\",\"url\":\"https:\\\/\\\/www.monkitclim.fr\\\/\",\"name\":\"Mon Kit Clim\",\"description\":\"Formation et accompagnement en climatisation pour les auto-constructeurs\",\"potentialAction\":[{\"@type\":\"SearchAction\",\"target\":{\"@type\":\"EntryPoint\",\"urlTemplate\":\"https:\\\/\\\/www.monkitclim.fr\\\/?s={search_term_string}\"},\"query-input\":{\"@type\":\"PropertyValueSpecification\",\"valueRequired\":true,\"valueName\":\"search_term_string\"}}],\"inLanguage\":\"fr-FR\"}]}<\/script>\n<!-- \/ Yoast SEO plugin. -->","yoast_head_json":{"title":"FAQ Mon Kit Clim - Mon Kit Clim","robots":{"index":"index","follow":"follow","max-snippet":"max-snippet:-1","max-image-preview":"max-image-preview:large","max-video-preview":"max-video-preview:-1"},"canonical":"https:\/\/www.monkitclim.fr\/index.php\/faq-mon-kit-clim\/","og_locale":"fr_FR","og_type":"article","og_title":"FAQ Mon Kit Clim - Mon Kit Clim","og_url":"https:\/\/www.monkitclim.fr\/index.php\/faq-mon-kit-clim\/","og_site_name":"Mon Kit Clim","article_modified_time":"2026-04-08T13:17:32+00:00","twitter_card":"summary_large_image","twitter_misc":{"Dur\u00e9e de lecture estim\u00e9e":"1 minute"},"schema":{"@context":"https:\/\/schema.org","@graph":[{"@type":"WebPage","@id":"https:\/\/www.monkitclim.fr\/index.php\/faq-mon-kit-clim\/","url":"https:\/\/www.monkitclim.fr\/index.php\/faq-mon-kit-clim\/","name":"FAQ Mon Kit Clim - Mon Kit Clim","isPartOf":{"@id":"https:\/\/www.monkitclim.fr\/#website"},"datePublished":"2026-04-08T13:17:31+00:00","dateModified":"2026-04-08T13:17:32+00:00","breadcrumb":{"@id":"https:\/\/www.monkitclim.fr\/index.php\/faq-mon-kit-clim\/#breadcrumb"},"inLanguage":"fr-FR","potentialAction":[{"@type":"ReadAction","target":["https:\/\/www.monkitclim.fr\/index.php\/faq-mon-kit-clim\/"]}]},{"@type":"BreadcrumbList","@id":"https:\/\/www.monkitclim.fr\/index.php\/faq-mon-kit-clim\/#breadcrumb","itemListElement":[{"@type":"ListItem","position":1,"name":"Accueil","item":"https:\/\/www.monkitclim.fr\/index.php\/mon-kit-vmc-accompagnement-et-formation-en-pose-de-clim\/"},{"@type":"ListItem","position":2,"name":"FAQ Mon Kit Clim"}]},{"@type":"WebSite","@id":"https:\/\/www.monkitclim.fr\/#website","url":"https:\/\/www.monkitclim.fr\/","name":"Mon Kit Clim","description":"Formation et accompagnement en climatisation pour les auto-constructeurs","potentialAction":[{"@type":"SearchAction","target":{"@type":"EntryPoint","urlTemplate":"https:\/\/www.monkitclim.fr\/?s={search_term_string}"},"query-input":{"@type":"PropertyValueSpecification","valueRequired":true,"valueName":"search_term_string"}}],"inLanguage":"fr-FR"}]}},"_links":{"self":[{"href":"https:\/\/www.monkitclim.fr\/index.php\/wp-json\/wp\/v2\/pages\/52","targetHints":{"allow":["GET"]}}],"collection":[{"href":"https:\/\/www.monkitclim.fr\/index.php\/wp-json\/wp\/v2\/pages"}],"about":[{"href":"https:\/\/www.monkitclim.fr\/index.php\/wp-json\/wp\/v2\/types\/page"}],"author":[{"embeddable":true,"href":"https:\/\/www.monkitclim.fr\/index.php\/wp-json\/wp\/v2\/users\/1"}],"replies":[{"embeddable":true,"href":"https:\/\/www.monkitclim.fr\/index.php\/wp-json\/wp\/v2\/comments?post=52"}],"version-history":[{"count":1,"href":"https:\/\/www.monkitclim.fr\/index.php\/wp-json\/wp\/v2\/pages\/52\/revisions"}],"predecessor-version":[{"id":53,"href":"https:\/\/www.monkitclim.fr\/index.php\/wp-json\/wp\/v2\/pages\/52\/revisions\/53"}],"wp:attachment":[{"href":"https:\/\/www.monkitclim.fr\/index.php\/wp-json\/wp\/v2\/media?parent=52"}],"curies":[{"name":"wp","href":"https:\/\/api.w.org\/{rel}","templated":true}]}}